{"id":332,"date":"2024-01-27T18:16:55","date_gmt":"2024-01-27T17:16:55","guid":{"rendered":"https:\/\/www.tepme.sk\/?page_id=332"},"modified":"2024-02-12T21:02:17","modified_gmt":"2024-02-12T20:02:17","slug":"nasa-technika","status":"publish","type":"page","link":"https:\/\/www.tepme.sk\/en\/our-technique\/","title":{"rendered":"Our technique"},"content":{"rendered":"<div data-elementor-type=\"wp-page\" data-elementor-id=\"332\" class=\"elementor elementor-332\" data-elementor-post-type=\"page\">\n\t\t\t\t<div class=\"elementor-element elementor-element-cf2ed5d e-flex e-con-boxed e-con e-child\" data-id=\"cf2ed5d\" data-element_type=\"container\" data-e-type=\"container\">\n\t\t\t\t\t<div class=\"e-con-inner\">\n\t\t\t\t<div class=\"elementor-element elementor-element-13ea0a8 elementor-widget elementor-widget-heading\" data-id=\"13ea0a8\" data-element_type=\"widget\" data-e-type=\"widget\" data-widget_type=\"heading.default\">\n\t\t\t\t<div class=\"elementor-widget-container\">\n\t\t\t\t\t<h1 class=\"elementor-heading-title elementor-size-default\">The technology we work with<\/h1>\t\t\t\t<\/div>\n\t\t\t\t<\/div>\n\t\t\t\t<div class=\"elementor-element elementor-element-b65ff0d animated-fast elementor-widget-divider--view-line elementor-invisible elementor-widget elementor-widget-divider\" data-id=\"b65ff0d\" data-element_type=\"widget\" data-e-type=\"widget\" data-settings=\"{&quot;_animation&quot;:&quot;bounceInLeft&quot;}\" data-widget_type=\"divider.default\">\n\t\t\t\t<div class=\"elementor-widget-container\">\n\t\t\t\t\t\t\t<div class=\"elementor-divider\">\n\t\t\t<span class=\"elementor-divider-separator\">\n\t\t\t\t\t\t<\/span>\n\t\t<\/div>\n\t\t\t\t\t\t<\/div>\n\t\t\t\t<\/div>\n\t\t\t\t\t<\/div>\n\t\t\t\t<\/div>\n\t\t<div class=\"elementor-element elementor-element-903bd5e e-flex e-con-boxed e-con e-parent\" data-id=\"903bd5e\" data-element_type=\"container\" data-e-type=\"container\">\n\t\t\t\t\t<div class=\"e-con-inner\">\n\t\t\t\t<div class=\"elementor-element elementor-element-ffbda43 elementor-widget elementor-widget-text-editor\" data-id=\"ffbda43\" data-element_type=\"widget\" data-e-type=\"widget\" data-widget_type=\"text-editor.default\">\n\t\t\t\t<div class=\"elementor-widget-container\">\n\t\t\t\t\t\t\t\t\t<p>We use a number of cleaning techniques, products and machines. Here is a selection of our helpers, without which we could not do without.<\/p>\t\t\t\t\t\t\t\t<\/div>\n\t\t\t\t<\/div>\n\t\t\t\t\t<\/div>\n\t\t\t\t<\/div>\n\t\t<div class=\"elementor-element elementor-element-ab741c0 e-flex e-con-boxed e-con e-parent\" data-id=\"ab741c0\" data-element_type=\"container\" data-e-type=\"container\">\n\t\t\t\t\t<div class=\"e-con-inner\">\n\t\t<div class=\"elementor-element elementor-element-ad8e6ef e-flex e-con-boxed e-con e-child\" data-id=\"ad8e6ef\" data-element_type=\"container\" data-e-type=\"container\" data-settings=\"{&quot;background_background&quot;:&quot;classic&quot;}\">\n\t\t\t\t\t<div class=\"e-con-inner\">\n\t\t\t\t<div class=\"elementor-element elementor-element-1f48775 elementor-widget elementor-widget-heading\" data-id=\"1f48775\" data-element_type=\"widget\" data-e-type=\"widget\" data-widget_type=\"heading.default\">\n\t\t\t\t<div class=\"elementor-widget-container\">\n\t\t\t\t\t<h3 class=\"elementor-heading-title elementor-size-default\">Santoemma Sabrina maxi\n<\/h3>\t\t\t\t<\/div>\n\t\t\t\t<\/div>\n\t\t\t\t<div class=\"elementor-element elementor-element-cb5e58a elementor-widget elementor-widget-text-editor\" data-id=\"cb5e58a\" data-element_type=\"widget\" data-e-type=\"widget\" data-widget_type=\"text-editor.default\">\n\t\t\t\t<div class=\"elementor-widget-container\">\n\t\t\t\t\t\t\t\t\t<p><span style=\"font-weight: 400;\">The head can spray the product evenly and the special profile of the suction head reduces drying time.<\/span><\/p><p><span style=\"font-weight: 400;\">The 300 mbar high-waterlift system allows Santoemma Sabrina to remove the maximum amount of dirt and reduces drying time.<\/span><\/p>\t\t\t\t\t\t\t\t<\/div>\n\t\t\t\t<\/div>\n\t\t\t\t\t<\/div>\n\t\t\t\t<\/div>\n\t\t<div class=\"elementor-element elementor-element-5123a67 e-con-full e-flex e-con e-child\" data-id=\"5123a67\" data-element_type=\"container\" data-e-type=\"container\">\n\t\t<div class=\"elementor-element elementor-element-d57b0c3 e-flex e-con-boxed e-con e-child\" data-id=\"d57b0c3\" data-element_type=\"container\" data-e-type=\"container\">\n\t\t\t\t\t<div class=\"e-con-inner\">\n\t\t\t\t<div class=\"elementor-element elementor-element-640128c elementor-widget elementor-widget-image\" data-id=\"640128c\" data-element_type=\"widget\" data-e-type=\"widget\" data-widget_type=\"image.default\">\n\t\t\t\t<div class=\"elementor-widget-container\">\n\t\t\t\t\t\t\t\t\t\t\t\t\t\t\t<img fetchpriority=\"high\" decoding=\"async\" width=\"800\" height=\"800\" src=\"https:\/\/www.tepme.sk\/wp-content\/uploads\/2024\/01\/Santoemma-Sabrina-maxi-1024x1024.png\" class=\"attachment-large size-large wp-image-350\" alt=\"\" srcset=\"https:\/\/www.tepme.sk\/wp-content\/uploads\/2024\/01\/Santoemma-Sabrina-maxi-1024x1024.png 1024w, https:\/\/www.tepme.sk\/wp-content\/uploads\/2024\/01\/Santoemma-Sabrina-maxi-300x300.png 300w, https:\/\/www.tepme.sk\/wp-content\/uploads\/2024\/01\/Santoemma-Sabrina-maxi-150x150.png 150w, https:\/\/www.tepme.sk\/wp-content\/uploads\/2024\/01\/Santoemma-Sabrina-maxi-768x768.png 768w, https:\/\/www.tepme.sk\/wp-content\/uploads\/2024\/01\/Santoemma-Sabrina-maxi-1536x1536.png 1536w, https:\/\/www.tepme.sk\/wp-content\/uploads\/2024\/01\/Santoemma-Sabrina-maxi.png 2007w\" sizes=\"(max-width: 800px) 100vw, 800px\" \/>\t\t\t\t\t\t\t\t\t\t\t\t\t\t\t<\/div>\n\t\t\t\t<\/div>\n\t\t\t\t\t<\/div>\n\t\t\t\t<\/div>\n\t\t\t\t<\/div>\n\t\t\t\t\t<\/div>\n\t\t\t\t<\/div>\n\t\t<div class=\"elementor-element elementor-element-789e416 e-flex e-con-boxed e-con e-parent\" data-id=\"789e416\" data-element_type=\"container\" data-e-type=\"container\">\n\t\t\t\t\t<div class=\"e-con-inner\">\n\t\t<div class=\"elementor-element elementor-element-6898304 e-flex e-con-boxed e-con e-child\" data-id=\"6898304\" data-element_type=\"container\" data-e-type=\"container\" data-settings=\"{&quot;background_background&quot;:&quot;classic&quot;}\">\n\t\t\t\t\t<div class=\"e-con-inner\">\n\t\t\t\t<div class=\"elementor-element elementor-element-d1d29b8 elementor-widget elementor-widget-heading\" data-id=\"d1d29b8\" data-element_type=\"widget\" data-e-type=\"widget\" data-widget_type=\"heading.default\">\n\t\t\t\t<div class=\"elementor-widget-container\">\n\t\t\t\t\t<h3 class=\"elementor-heading-title elementor-size-default\">Carpet detangler Sebo DUO<\/h3>\t\t\t\t<\/div>\n\t\t\t\t<\/div>\n\t\t\t\t<div class=\"elementor-element elementor-element-58894fc elementor-widget elementor-widget-text-editor\" data-id=\"58894fc\" data-element_type=\"widget\" data-e-type=\"widget\" data-widget_type=\"text-editor.default\">\n\t\t\t\t<div class=\"elementor-widget-container\">\n\t\t\t\t\t\t\t\t\t<p><span style=\"font-weight: 400;\">Includes two counter-directional brushes that comb through carpet fibers and work with cleaners to get deep into the carpet and around each fiber.<\/span><span style=\"font-weight: 400;\"><br \/><\/span><\/p><p>SEBO DUO<span style=\"font-weight: 400;\"> lifts the carpet pile and ensures that all fibre surfaces are cleaned, leaving your carpet revitalised and softer.<\/span><\/p>\t\t\t\t\t\t\t\t<\/div>\n\t\t\t\t<\/div>\n\t\t\t\t\t<\/div>\n\t\t\t\t<\/div>\n\t\t<div class=\"elementor-element elementor-element-61829dd e-con-full e-flex e-con e-child\" data-id=\"61829dd\" data-element_type=\"container\" data-e-type=\"container\">\n\t\t<div class=\"elementor-element elementor-element-8db34b6 e-flex e-con-boxed e-con e-child\" data-id=\"8db34b6\" data-element_type=\"container\" data-e-type=\"container\">\n\t\t\t\t\t<div class=\"e-con-inner\">\n\t\t\t\t<div class=\"elementor-element elementor-element-12b3a1f elementor-widget elementor-widget-image\" data-id=\"12b3a1f\" data-element_type=\"widget\" data-e-type=\"widget\" data-widget_type=\"image.default\">\n\t\t\t\t<div class=\"elementor-widget-container\">\n\t\t\t\t\t\t\t\t\t\t\t\t\t\t\t<img decoding=\"async\" width=\"800\" height=\"560\" src=\"https:\/\/www.tepme.sk\/wp-content\/uploads\/2024\/01\/Rozcesavac-kobercov-SEBO-Duo.png\" class=\"attachment-large size-large wp-image-356\" alt=\"\" srcset=\"https:\/\/www.tepme.sk\/wp-content\/uploads\/2024\/01\/Rozcesavac-kobercov-SEBO-Duo.png 1000w, https:\/\/www.tepme.sk\/wp-content\/uploads\/2024\/01\/Rozcesavac-kobercov-SEBO-Duo-300x210.png 300w, https:\/\/www.tepme.sk\/wp-content\/uploads\/2024\/01\/Rozcesavac-kobercov-SEBO-Duo-768x538.png 768w\" sizes=\"(max-width: 800px) 100vw, 800px\" \/>\t\t\t\t\t\t\t\t\t\t\t\t\t\t\t<\/div>\n\t\t\t\t<\/div>\n\t\t\t\t\t<\/div>\n\t\t\t\t<\/div>\n\t\t\t\t<\/div>\n\t\t\t\t\t<\/div>\n\t\t\t\t<\/div>\n\t\t<div class=\"elementor-element elementor-element-0b0e503 e-flex e-con-boxed e-con e-parent\" data-id=\"0b0e503\" data-element_type=\"container\" data-e-type=\"container\">\n\t\t\t\t\t<div class=\"e-con-inner\">\n\t\t<div class=\"elementor-element elementor-element-c324d0b e-flex e-con-boxed e-con e-child\" data-id=\"c324d0b\" data-element_type=\"container\" data-e-type=\"container\" data-settings=\"{&quot;background_background&quot;:&quot;classic&quot;}\">\n\t\t\t\t\t<div class=\"e-con-inner\">\n\t\t\t\t<div class=\"elementor-element elementor-element-f651867 elementor-widget elementor-widget-heading\" data-id=\"f651867\" data-element_type=\"widget\" data-e-type=\"widget\" data-widget_type=\"heading.default\">\n\t\t\t\t<div class=\"elementor-widget-container\">\n\t\t\t\t\t<h3 class=\"elementor-heading-title elementor-size-default\">Eco-friendly cleaning products<\/h3>\t\t\t\t<\/div>\n\t\t\t\t<\/div>\n\t\t\t\t<div class=\"elementor-element elementor-element-141bc04 elementor-widget elementor-widget-text-editor\" data-id=\"141bc04\" data-element_type=\"widget\" data-e-type=\"widget\" data-widget_type=\"text-editor.default\">\n\t\t\t\t<div class=\"elementor-widget-container\">\n\t\t\t\t\t\t\t\t\t<p><span style=\"font-weight: 400;\">We use eco-friendly cleaning products that do not contain bleach which could damage your upholstered furniture, sofas or carpets during cleaning.\u00a0<\/span><\/p><p><span style=\"font-weight: 400;\">We work with agent technology that goes quickly into the depths of dirt and grease. It then dries to a hard, non-sticky crystal that is easy to vacuum and allows for a longer lasting and better appearance between cleaning cycles.<\/span><\/p><p><span style=\"font-weight: 400;\">With these products, we can combat the worst dirt and restore your furniture to its original condition.<\/span><\/p><p><span style=\"font-weight: 400;\">We also work with natural fibres using means that:<\/span><\/p><ul><li><span style=\"font-weight: 400;\">They do not contain any detergent and shampoo.<\/span><\/li><li><span style=\"font-weight: 400;\">They do not contain any enzymes, oxidizing or reducing agents.<\/span><\/li><li><span style=\"font-weight: 400;\">They do not contain bleaching agents or optical brighteners.<\/span><\/li><\/ul><p>\u00a0<\/p><p>As well as one of our FINELINE products - its composition was ahead of its time. It is a high-performance and safe product that provides unrivalled cleaning results with all carpet and upholstery cleaning systems.<\/p><p><span style=\"font-weight: 400;\">We also use other Specialty products from world leaders in the cleaning industry such as CHEMSPEC, Pioneer Eclipse or AmtechUK.<\/span><\/p>\t\t\t\t\t\t\t\t<\/div>\n\t\t\t\t<\/div>\n\t\t\t\t\t<\/div>\n\t\t\t\t<\/div>\n\t\t\t\t\t<\/div>\n\t\t\t\t<\/div>\n\t\t<div class=\"elementor-element elementor-element-640bf83 e-flex e-con-boxed e-con e-child\" data-id=\"640bf83\" data-element_type=\"container\" data-e-type=\"container\">\n\t\t\t\t\t<div class=\"e-con-inner\">\n\t\t<div class=\"elementor-element elementor-element-d1d1446 e-flex e-con-boxed e-con e-child\" data-id=\"d1d1446\" data-element_type=\"container\" data-e-type=\"container\">\n\t\t\t\t\t<div class=\"e-con-inner\">\n\t\t\t\t<div class=\"elementor-element elementor-element-cac93ef elementor-widget elementor-widget-heading\" data-id=\"cac93ef\" data-element_type=\"widget\" data-e-type=\"widget\" data-widget_type=\"heading.default\">\n\t\t\t\t<div class=\"elementor-widget-container\">\n\t\t\t\t\t<h3 class=\"elementor-heading-title elementor-size-default\">These are our results...<\/h3>\t\t\t\t<\/div>\n\t\t\t\t<\/div>\n\t\t\t\t<div class=\"elementor-element elementor-element-7f0f5ac animated-fast elementor-widget-divider--view-line elementor-invisible elementor-widget elementor-widget-divider\" data-id=\"7f0f5ac\" data-element_type=\"widget\" data-e-type=\"widget\" data-settings=\"{&quot;_animation&quot;:&quot;bounceInLeft&quot;}\" data-widget_type=\"divider.default\">\n\t\t\t\t<div class=\"elementor-widget-container\">\n\t\t\t\t\t\t\t<div class=\"elementor-divider\">\n\t\t\t<span class=\"elementor-divider-separator\">\n\t\t\t\t\t\t<\/span>\n\t\t<\/div>\n\t\t\t\t\t\t<\/div>\n\t\t\t\t<\/div>\n\t\t\t\t\t<\/div>\n\t\t\t\t<\/div>\n\t\t<div class=\"elementor-element elementor-element-ede292b e-con-full e-flex e-con e-child\" data-id=\"ede292b\" data-element_type=\"container\" data-e-type=\"container\">\n\t\t\t\t<div class=\"elementor-element elementor-element-52e65f8 elementor-align-center elementor-mobile-align-left elementor-widget elementor-widget-button\" data-id=\"52e65f8\" data-element_type=\"widget\" data-e-type=\"widget\" data-widget_type=\"button.default\">\n\t\t\t\t<div class=\"elementor-widget-container\">\n\t\t\t\t\t\t\t\t\t<div class=\"elementor-button-wrapper\">\n\t\t\t\t\t<a class=\"elementor-button elementor-button-link elementor-size-sm elementor-animation-shrink\" href=\"https:\/\/www.tepme.sk\/en\/our-work-results\/\">\n\t\t\t\t\t\t<span class=\"elementor-button-content-wrapper\">\n\t\t\t\t\t\t<span class=\"elementor-button-icon\">\n\t\t\t\t<svg aria-hidden=\"true\" class=\"e-font-icon-svg e-fas-angle-right\" viewbox=\"0 0 256 512\" xmlns=\"http:\/\/www.w3.org\/2000\/svg\"><path d=\"M224.3 273l-136 136c-9.4 9.4-24.6 9.4-33.9 0l-22.6-22.6c-9.4-9.4-9.4-24.6 0-33.9l96.4-96.4-96.4-96.4c-9.4-9.4-9.4-24.6 0-33.9L54.3 103c9.4-9.4 24.6-9.4 33.9 0l136 136c9.5 9.4 9.5 24.6.1 34z\"><\/path><\/svg>\t\t\t<\/span>\n\t\t\t\t\t\t\t\t\t<span class=\"elementor-button-text\">View portfolio<\/span>\n\t\t\t\t\t<\/span>\n\t\t\t\t\t<\/a>\n\t\t\t\t<\/div>\n\t\t\t\t\t\t\t\t<\/div>\n\t\t\t\t<\/div>\n\t\t\t\t<\/div>\n\t\t\t\t\t<\/div>\n\t\t\t\t<\/div>\n\t\t\t\t<\/div>","protected":false},"excerpt":{"rendered":"<p>Technika, s ktorou pracujeme Pou\u017e\u00edvame viacero \u010distiacich techn\u00edk, prostriedkov a\u00a0strojov. Prin\u00e1\u0161ame v\u00fdber na\u0161ich pomocn\u00edkov, bez ktor\u00fdch by sme sa pri tepovan\u00ed nezaobi\u0161li. Santoemma Sabrina maxi Hlavica dok\u00e1\u017ee rovnomerne nastrieka\u0165 prostriedok a \u0161peci\u00e1lny\u00a0profil ods\u00e1vacej\u00a0hlavy skracuje \u010das schnutia. Syst\u00e9m s vysok\u00fdm sac\u00edm v\u00fdkonom tzv. high-waterlift 300\u00a0 mbar v\u010faka tomu umo\u017e\u0148uje\u00a0 Santoemma Sabrina odstr\u00e1ni\u0165 maxim\u00e1lne mno\u017estvo ne\u010dist\u00f4t a [&hellip;]<\/p>","protected":false},"author":1,"featured_media":0,"parent":0,"menu_order":0,"comment_status":"closed","ping_status":"closed","template":"","meta":{"footnotes":""},"class_list":["post-332","page","type-page","status-publish","hentry"],"yoast_head":"<!-- This site is optimized with the Yoast SEO Premium plugin v21.7 (Yoast SEO v27.5) - https:\/\/yoast.com\/product\/yoast-seo-premium-wordpress\/ -->\n<title>Na\u0161a technika &#8211; TEPME: Tepovacie slu\u017eby<\/title>\n<meta name=\"robots\" content=\"index, follow, max-snippet:-1, max-image-preview:large, max-video-preview:-1\" \/>\n<link rel=\"canonical\" href=\"https:\/\/www.tepme.sk\/en\/our-technique\/\" \/>\n<meta property=\"og:locale\" content=\"en_GB\" \/>\n<meta property=\"og:type\" content=\"article\" \/>\n<meta property=\"og:title\" content=\"Na\u0161a technika\" \/>\n<meta property=\"og:description\" content=\"Technika, s ktorou pracujeme Pou\u017e\u00edvame viacero \u010distiacich techn\u00edk, prostriedkov a\u00a0strojov. Prin\u00e1\u0161ame v\u00fdber na\u0161ich pomocn\u00edkov, bez ktor\u00fdch by sme sa pri tepovan\u00ed nezaobi\u0161li. Santoemma Sabrina maxi Hlavica dok\u00e1\u017ee rovnomerne nastrieka\u0165 prostriedok a \u0161peci\u00e1lny\u00a0profil ods\u00e1vacej\u00a0hlavy skracuje \u010das schnutia. Syst\u00e9m s vysok\u00fdm sac\u00edm v\u00fdkonom tzv. high-waterlift 300\u00a0 mbar v\u010faka tomu umo\u017e\u0148uje\u00a0 Santoemma Sabrina odstr\u00e1ni\u0165 maxim\u00e1lne mno\u017estvo ne\u010dist\u00f4t a [&hellip;]\" \/>\n<meta property=\"og:url\" content=\"https:\/\/www.tepme.sk\/en\/our-technique\/\" \/>\n<meta property=\"og:site_name\" content=\"TEPME\" \/>\n<meta property=\"article:modified_time\" content=\"2024-02-12T20:02:17+00:00\" \/>\n<meta property=\"og:image\" content=\"https:\/\/www.tepme.sk\/wp-content\/uploads\/2024\/01\/Santoemma-Sabrina-maxi-1024x1024.png\" \/>\n<meta name=\"twitter:card\" content=\"summary_large_image\" \/>\n<meta name=\"twitter:label1\" content=\"Estimated reading time\" \/>\n\t<meta name=\"twitter:data1\" content=\"2 minutes\" \/>\n<script type=\"application\/ld+json\" class=\"yoast-schema-graph\">{\"@context\":\"https:\\\/\\\/schema.org\",\"@graph\":[{\"@type\":\"WebPage\",\"@id\":\"https:\\\/\\\/www.tepme.sk\\\/nasa-technika\\\/\",\"url\":\"https:\\\/\\\/www.tepme.sk\\\/nasa-technika\\\/\",\"name\":\"Na\u0161a technika &#8211; TEPME: Tepovacie slu\u017eby\",\"isPartOf\":{\"@id\":\"https:\\\/\\\/www.tepme.sk\\\/#website\"},\"primaryImageOfPage\":{\"@id\":\"https:\\\/\\\/www.tepme.sk\\\/nasa-technika\\\/#primaryimage\"},\"image\":{\"@id\":\"https:\\\/\\\/www.tepme.sk\\\/nasa-technika\\\/#primaryimage\"},\"thumbnailUrl\":\"https:\\\/\\\/www.tepme.sk\\\/wp-content\\\/uploads\\\/2024\\\/01\\\/Santoemma-Sabrina-maxi-1024x1024.png\",\"datePublished\":\"2024-01-27T17:16:55+00:00\",\"dateModified\":\"2024-02-12T20:02:17+00:00\",\"breadcrumb\":{\"@id\":\"https:\\\/\\\/www.tepme.sk\\\/nasa-technika\\\/#breadcrumb\"},\"inLanguage\":\"en-GB\",\"potentialAction\":[{\"@type\":\"ReadAction\",\"target\":[\"https:\\\/\\\/www.tepme.sk\\\/nasa-technika\\\/\"]}]},{\"@type\":\"ImageObject\",\"inLanguage\":\"en-GB\",\"@id\":\"https:\\\/\\\/www.tepme.sk\\\/nasa-technika\\\/#primaryimage\",\"url\":\"https:\\\/\\\/www.tepme.sk\\\/wp-content\\\/uploads\\\/2024\\\/01\\\/Santoemma-Sabrina-maxi-1024x1024.png\",\"contentUrl\":\"https:\\\/\\\/www.tepme.sk\\\/wp-content\\\/uploads\\\/2024\\\/01\\\/Santoemma-Sabrina-maxi-1024x1024.png\"},{\"@type\":\"BreadcrumbList\",\"@id\":\"https:\\\/\\\/www.tepme.sk\\\/nasa-technika\\\/#breadcrumb\",\"itemListElement\":[{\"@type\":\"ListItem\",\"position\":1,\"name\":\"Home\",\"item\":\"https:\\\/\\\/www.tepme.sk\\\/\"},{\"@type\":\"ListItem\",\"position\":2,\"name\":\"Na\u0161a technika\"}]},{\"@type\":\"WebSite\",\"@id\":\"https:\\\/\\\/www.tepme.sk\\\/#website\",\"url\":\"https:\\\/\\\/www.tepme.sk\\\/\",\"name\":\"TEPME\",\"description\":\"Tepovacie slu\u017eby\",\"publisher\":{\"@id\":\"https:\\\/\\\/www.tepme.sk\\\/#organization\"},\"potentialAction\":[{\"@type\":\"SearchAction\",\"target\":{\"@type\":\"EntryPoint\",\"urlTemplate\":\"https:\\\/\\\/www.tepme.sk\\\/?s={search_term_string}\"},\"query-input\":{\"@type\":\"PropertyValueSpecification\",\"valueRequired\":true,\"valueName\":\"search_term_string\"}}],\"inLanguage\":\"en-GB\"},{\"@type\":\"Organization\",\"@id\":\"https:\\\/\\\/www.tepme.sk\\\/#organization\",\"name\":\"TEPME\",\"url\":\"https:\\\/\\\/www.tepme.sk\\\/\",\"logo\":{\"@type\":\"ImageObject\",\"inLanguage\":\"en-GB\",\"@id\":\"https:\\\/\\\/www.tepme.sk\\\/#\\\/schema\\\/logo\\\/image\\\/\",\"url\":\"https:\\\/\\\/www.tepme.sk\\\/wp-content\\\/uploads\\\/2024\\\/01\\\/Tepme.png\",\"contentUrl\":\"https:\\\/\\\/www.tepme.sk\\\/wp-content\\\/uploads\\\/2024\\\/01\\\/Tepme.png\",\"width\":408,\"height\":282,\"caption\":\"TEPME\"},\"image\":{\"@id\":\"https:\\\/\\\/www.tepme.sk\\\/#\\\/schema\\\/logo\\\/image\\\/\"}}]}<\/script>\n<!-- \/ Yoast SEO Premium plugin. -->","yoast_head_json":{"title":"Our technique \u2013 TEPME: Deep Cleaning services","robots":{"index":"index","follow":"follow","max-snippet":"max-snippet:-1","max-image-preview":"max-image-preview:large","max-video-preview":"max-video-preview:-1"},"canonical":"https:\/\/www.tepme.sk\/en\/our-technique\/","og_locale":"en_GB","og_type":"article","og_title":"Na\u0161a technika","og_description":"Technika, s ktorou pracujeme Pou\u017e\u00edvame viacero \u010distiacich techn\u00edk, prostriedkov a\u00a0strojov. Prin\u00e1\u0161ame v\u00fdber na\u0161ich pomocn\u00edkov, bez ktor\u00fdch by sme sa pri tepovan\u00ed nezaobi\u0161li. Santoemma Sabrina maxi Hlavica dok\u00e1\u017ee rovnomerne nastrieka\u0165 prostriedok a \u0161peci\u00e1lny\u00a0profil ods\u00e1vacej\u00a0hlavy skracuje \u010das schnutia. Syst\u00e9m s vysok\u00fdm sac\u00edm v\u00fdkonom tzv. high-waterlift 300\u00a0 mbar v\u010faka tomu umo\u017e\u0148uje\u00a0 Santoemma Sabrina odstr\u00e1ni\u0165 maxim\u00e1lne mno\u017estvo ne\u010dist\u00f4t a [&hellip;]","og_url":"https:\/\/www.tepme.sk\/en\/our-technique\/","og_site_name":"TEPME","article_modified_time":"2024-02-12T20:02:17+00:00","og_image":[{"url":"https:\/\/www.tepme.sk\/wp-content\/uploads\/2024\/01\/Santoemma-Sabrina-maxi-1024x1024.png","type":"","width":"","height":""}],"twitter_card":"summary_large_image","twitter_misc":{"Estimated reading time":"2 minutes"},"schema":{"@context":"https:\/\/schema.org","@graph":[{"@type":"WebPage","@id":"https:\/\/www.tepme.sk\/nasa-technika\/","url":"https:\/\/www.tepme.sk\/nasa-technika\/","name":"Our technique \u2013 TEPME: Deep Cleaning services","isPartOf":{"@id":"https:\/\/www.tepme.sk\/#website"},"primaryImageOfPage":{"@id":"https:\/\/www.tepme.sk\/nasa-technika\/#primaryimage"},"image":{"@id":"https:\/\/www.tepme.sk\/nasa-technika\/#primaryimage"},"thumbnailUrl":"https:\/\/www.tepme.sk\/wp-content\/uploads\/2024\/01\/Santoemma-Sabrina-maxi-1024x1024.png","datePublished":"2024-01-27T17:16:55+00:00","dateModified":"2024-02-12T20:02:17+00:00","breadcrumb":{"@id":"https:\/\/www.tepme.sk\/nasa-technika\/#breadcrumb"},"inLanguage":"en-GB","potentialAction":[{"@type":"ReadAction","target":["https:\/\/www.tepme.sk\/nasa-technika\/"]}]},{"@type":"ImageObject","inLanguage":"en-GB","@id":"https:\/\/www.tepme.sk\/nasa-technika\/#primaryimage","url":"https:\/\/www.tepme.sk\/wp-content\/uploads\/2024\/01\/Santoemma-Sabrina-maxi-1024x1024.png","contentUrl":"https:\/\/www.tepme.sk\/wp-content\/uploads\/2024\/01\/Santoemma-Sabrina-maxi-1024x1024.png"},{"@type":"BreadcrumbList","@id":"https:\/\/www.tepme.sk\/nasa-technika\/#breadcrumb","itemListElement":[{"@type":"ListItem","position":1,"name":"Home","item":"https:\/\/www.tepme.sk\/"},{"@type":"ListItem","position":2,"name":"Na\u0161a technika"}]},{"@type":"WebSite","@id":"https:\/\/www.tepme.sk\/#website","url":"https:\/\/www.tepme.sk\/","name":"TEPME","description":"Deep Cleaning services","publisher":{"@id":"https:\/\/www.tepme.sk\/#organization"},"potentialAction":[{"@type":"SearchAction","target":{"@type":"EntryPoint","urlTemplate":"https:\/\/www.tepme.sk\/?s={search_term_string}"},"query-input":{"@type":"PropertyValueSpecification","valueRequired":true,"valueName":"search_term_string"}}],"inLanguage":"en-GB"},{"@type":"Organization","@id":"https:\/\/www.tepme.sk\/#organization","name":"TEPME","url":"https:\/\/www.tepme.sk\/","logo":{"@type":"ImageObject","inLanguage":"en-GB","@id":"https:\/\/www.tepme.sk\/#\/schema\/logo\/image\/","url":"https:\/\/www.tepme.sk\/wp-content\/uploads\/2024\/01\/Tepme.png","contentUrl":"https:\/\/www.tepme.sk\/wp-content\/uploads\/2024\/01\/Tepme.png","width":408,"height":282,"caption":"TEPME"},"image":{"@id":"https:\/\/www.tepme.sk\/#\/schema\/logo\/image\/"}}]}},"_links":{"self":[{"href":"https:\/\/www.tepme.sk\/en\/wp-json\/wp\/v2\/pages\/332","targetHints":{"allow":["GET"]}}],"collection":[{"href":"https:\/\/www.tepme.sk\/en\/wp-json\/wp\/v2\/pages"}],"about":[{"href":"https:\/\/www.tepme.sk\/en\/wp-json\/wp\/v2\/types\/page"}],"author":[{"embeddable":true,"href":"https:\/\/www.tepme.sk\/en\/wp-json\/wp\/v2\/users\/1"}],"replies":[{"embeddable":true,"href":"https:\/\/www.tepme.sk\/en\/wp-json\/wp\/v2\/comments?post=332"}],"version-history":[{"count":42,"href":"https:\/\/www.tepme.sk\/en\/wp-json\/wp\/v2\/pages\/332\/revisions"}],"predecessor-version":[{"id":747,"href":"https:\/\/www.tepme.sk\/en\/wp-json\/wp\/v2\/pages\/332\/revisions\/747"}],"wp:attachment":[{"href":"https:\/\/www.tepme.sk\/en\/wp-json\/wp\/v2\/media?parent=332"}],"curies":[{"name":"wp","href":"https:\/\/api.w.org\/{rel}","templated":true}]}}