{"id":332,"date":"2024-01-27T18:16:55","date_gmt":"2024-01-27T17:16:55","guid":{"rendered":"https:\/\/www.tepme.sk\/?page_id=332"},"modified":"2024-02-12T21:02:17","modified_gmt":"2024-02-12T20:02:17","slug":"nasa-technika","status":"publish","type":"page","link":"https:\/\/www.tepme.sk\/hu\/a-mi-technikank\/","title":{"rendered":"Na\u0161a technika"},"content":{"rendered":"<div data-elementor-type=\"wp-page\" data-elementor-id=\"332\" class=\"elementor elementor-332\" data-elementor-post-type=\"page\">\n\t\t\t\t<div class=\"elementor-element elementor-element-cf2ed5d e-flex e-con-boxed e-con e-child\" data-id=\"cf2ed5d\" data-element_type=\"container\" data-e-type=\"container\">\n\t\t\t\t\t<div class=\"e-con-inner\">\n\t\t\t\t<div class=\"elementor-element elementor-element-13ea0a8 elementor-widget elementor-widget-heading\" data-id=\"13ea0a8\" data-element_type=\"widget\" data-e-type=\"widget\" data-widget_type=\"heading.default\">\n\t\t\t\t<div class=\"elementor-widget-container\">\n\t\t\t\t\t<h1 class=\"elementor-heading-title elementor-size-default\">Technika, amivel dolgozunk<\/h1>\t\t\t\t<\/div>\n\t\t\t\t<\/div>\n\t\t\t\t<div class=\"elementor-element elementor-element-b65ff0d animated-fast elementor-widget-divider--view-line elementor-invisible elementor-widget elementor-widget-divider\" data-id=\"b65ff0d\" data-element_type=\"widget\" data-e-type=\"widget\" data-settings=\"{&quot;_animation&quot;:&quot;bounceInLeft&quot;}\" data-widget_type=\"divider.default\">\n\t\t\t\t<div class=\"elementor-widget-container\">\n\t\t\t\t\t\t\t<div class=\"elementor-divider\">\n\t\t\t<span class=\"elementor-divider-separator\">\n\t\t\t\t\t\t<\/span>\n\t\t<\/div>\n\t\t\t\t\t\t<\/div>\n\t\t\t\t<\/div>\n\t\t\t\t\t<\/div>\n\t\t\t\t<\/div>\n\t\t<div class=\"elementor-element elementor-element-903bd5e e-flex e-con-boxed e-con e-parent\" data-id=\"903bd5e\" data-element_type=\"container\" data-e-type=\"container\">\n\t\t\t\t\t<div class=\"e-con-inner\">\n\t\t\t\t<div class=\"elementor-element elementor-element-ffbda43 elementor-widget elementor-widget-text-editor\" data-id=\"ffbda43\" data-element_type=\"widget\" data-e-type=\"widget\" data-widget_type=\"text-editor.default\">\n\t\t\t\t<div class=\"elementor-widget-container\">\n\t\t\t\t\t\t\t\t\t<p>Pou\u017e\u00edvame viacero \u010distiacich techn\u00edk, prostriedkov a\u00a0strojov. Prin\u00e1\u0161ame v\u00fdber na\u0161ich pomocn\u00edkov, bez ktor\u00fdch by sme sa pri tepovan\u00ed nezaobi\u0161li.<\/p>\t\t\t\t\t\t\t\t<\/div>\n\t\t\t\t<\/div>\n\t\t\t\t\t<\/div>\n\t\t\t\t<\/div>\n\t\t<div class=\"elementor-element elementor-element-ab741c0 e-flex e-con-boxed e-con e-parent\" data-id=\"ab741c0\" data-element_type=\"container\" data-e-type=\"container\">\n\t\t\t\t\t<div class=\"e-con-inner\">\n\t\t<div class=\"elementor-element elementor-element-ad8e6ef e-flex e-con-boxed e-con e-child\" data-id=\"ad8e6ef\" data-element_type=\"container\" data-e-type=\"container\" data-settings=\"{&quot;background_background&quot;:&quot;classic&quot;}\">\n\t\t\t\t\t<div class=\"e-con-inner\">\n\t\t\t\t<div class=\"elementor-element elementor-element-1f48775 elementor-widget elementor-widget-heading\" data-id=\"1f48775\" data-element_type=\"widget\" data-e-type=\"widget\" data-widget_type=\"heading.default\">\n\t\t\t\t<div class=\"elementor-widget-container\">\n\t\t\t\t\t<h3 class=\"elementor-heading-title elementor-size-default\">Santoemma Sabrina maxi\n<\/h3>\t\t\t\t<\/div>\n\t\t\t\t<\/div>\n\t\t\t\t<div class=\"elementor-element elementor-element-cb5e58a elementor-widget elementor-widget-text-editor\" data-id=\"cb5e58a\" data-element_type=\"widget\" data-e-type=\"widget\" data-widget_type=\"text-editor.default\">\n\t\t\t\t<div class=\"elementor-widget-container\">\n\t\t\t\t\t\t\t\t\t<p><span style=\"font-weight: 400;\">Hlavica dok\u00e1\u017ee rovnomerne nastrieka\u0165 prostriedok a \u0161peci\u00e1lny\u00a0profil ods\u00e1vacej\u00a0hlavy skracuje \u010das schnutia.<\/span><\/p><p><span style=\"font-weight: 400;\">Syst\u00e9m s vysok\u00fdm sac\u00edm v\u00fdkonom tzv. high-waterlift 300\u00a0 mbar v\u010faka tomu umo\u017e\u0148uje\u00a0 Santoemma Sabrina odstr\u00e1ni\u0165 maxim\u00e1lne mno\u017estvo ne\u010dist\u00f4t a zni\u017euje dobu schnutia.<\/span><\/p>\t\t\t\t\t\t\t\t<\/div>\n\t\t\t\t<\/div>\n\t\t\t\t\t<\/div>\n\t\t\t\t<\/div>\n\t\t<div class=\"elementor-element elementor-element-5123a67 e-con-full e-flex e-con e-child\" data-id=\"5123a67\" data-element_type=\"container\" data-e-type=\"container\">\n\t\t<div class=\"elementor-element elementor-element-d57b0c3 e-flex e-con-boxed e-con e-child\" data-id=\"d57b0c3\" data-element_type=\"container\" data-e-type=\"container\">\n\t\t\t\t\t<div class=\"e-con-inner\">\n\t\t\t\t<div class=\"elementor-element elementor-element-640128c elementor-widget elementor-widget-image\" data-id=\"640128c\" data-element_type=\"widget\" data-e-type=\"widget\" data-widget_type=\"image.default\">\n\t\t\t\t<div class=\"elementor-widget-container\">\n\t\t\t\t\t\t\t\t\t\t\t\t\t\t\t<img fetchpriority=\"high\" decoding=\"async\" width=\"800\" height=\"800\" src=\"https:\/\/www.tepme.sk\/wp-content\/uploads\/2024\/01\/Santoemma-Sabrina-maxi-1024x1024.png\" class=\"attachment-large size-large wp-image-350\" alt=\"\" srcset=\"https:\/\/www.tepme.sk\/wp-content\/uploads\/2024\/01\/Santoemma-Sabrina-maxi-1024x1024.png 1024w, https:\/\/www.tepme.sk\/wp-content\/uploads\/2024\/01\/Santoemma-Sabrina-maxi-300x300.png 300w, https:\/\/www.tepme.sk\/wp-content\/uploads\/2024\/01\/Santoemma-Sabrina-maxi-150x150.png 150w, https:\/\/www.tepme.sk\/wp-content\/uploads\/2024\/01\/Santoemma-Sabrina-maxi-768x768.png 768w, https:\/\/www.tepme.sk\/wp-content\/uploads\/2024\/01\/Santoemma-Sabrina-maxi-1536x1536.png 1536w, https:\/\/www.tepme.sk\/wp-content\/uploads\/2024\/01\/Santoemma-Sabrina-maxi.png 2007w\" sizes=\"(max-width: 800px) 100vw, 800px\" \/>\t\t\t\t\t\t\t\t\t\t\t\t\t\t\t<\/div>\n\t\t\t\t<\/div>\n\t\t\t\t\t<\/div>\n\t\t\t\t<\/div>\n\t\t\t\t<\/div>\n\t\t\t\t\t<\/div>\n\t\t\t\t<\/div>\n\t\t<div class=\"elementor-element elementor-element-789e416 e-flex e-con-boxed e-con e-parent\" data-id=\"789e416\" data-element_type=\"container\" data-e-type=\"container\">\n\t\t\t\t\t<div class=\"e-con-inner\">\n\t\t<div class=\"elementor-element elementor-element-6898304 e-flex e-con-boxed e-con e-child\" data-id=\"6898304\" data-element_type=\"container\" data-e-type=\"container\" data-settings=\"{&quot;background_background&quot;:&quot;classic&quot;}\">\n\t\t\t\t\t<div class=\"e-con-inner\">\n\t\t\t\t<div class=\"elementor-element elementor-element-d1d29b8 elementor-widget elementor-widget-heading\" data-id=\"d1d29b8\" data-element_type=\"widget\" data-e-type=\"widget\" data-widget_type=\"heading.default\">\n\t\t\t\t<div class=\"elementor-widget-container\">\n\t\t\t\t\t<h3 class=\"elementor-heading-title elementor-size-default\">Roz\u010des\u00e1va\u010d kobercov Sebo DUO<\/h3>\t\t\t\t<\/div>\n\t\t\t\t<\/div>\n\t\t\t\t<div class=\"elementor-element elementor-element-58894fc elementor-widget elementor-widget-text-editor\" data-id=\"58894fc\" data-element_type=\"widget\" data-e-type=\"widget\" data-widget_type=\"text-editor.default\">\n\t\t\t\t<div class=\"elementor-widget-container\">\n\t\t\t\t\t\t\t\t\t<p><span style=\"font-weight: 400;\">Obsahuje dve protismern\u00e9 kefy, ktor\u00e9 roz\u010des\u00e1vaj\u00fa vl\u00e1kna kobercov a spolupracuj\u00fa s \u010distiacimi prostriedkami tak, \u017ee sa dostan\u00fa hlboko do koberca a okolo ka\u017ed\u00e9ho vl\u00e1kna.<\/span><span style=\"font-weight: 400;\"><br \/><\/span><\/p><p>SEBO DUO<span style=\"font-weight: 400;\"> zdv\u00edha vlasov\u00fd koberec a zabezpe\u010duje, \u017ee v\u0161etky povrchy vl\u00e1kna s\u00fa o\u010disten\u00e9, tak\u017ee v\u00e1\u0161 koberec je o\u017eiven\u00fd a m\u00e4k\u0161\u00ed.<\/span><\/p>\t\t\t\t\t\t\t\t<\/div>\n\t\t\t\t<\/div>\n\t\t\t\t\t<\/div>\n\t\t\t\t<\/div>\n\t\t<div class=\"elementor-element elementor-element-61829dd e-con-full e-flex e-con e-child\" data-id=\"61829dd\" data-element_type=\"container\" data-e-type=\"container\">\n\t\t<div class=\"elementor-element elementor-element-8db34b6 e-flex e-con-boxed e-con e-child\" data-id=\"8db34b6\" data-element_type=\"container\" data-e-type=\"container\">\n\t\t\t\t\t<div class=\"e-con-inner\">\n\t\t\t\t<div class=\"elementor-element elementor-element-12b3a1f elementor-widget elementor-widget-image\" data-id=\"12b3a1f\" data-element_type=\"widget\" data-e-type=\"widget\" data-widget_type=\"image.default\">\n\t\t\t\t<div class=\"elementor-widget-container\">\n\t\t\t\t\t\t\t\t\t\t\t\t\t\t\t<img decoding=\"async\" width=\"800\" height=\"560\" src=\"https:\/\/www.tepme.sk\/wp-content\/uploads\/2024\/01\/Rozcesavac-kobercov-SEBO-Duo.png\" class=\"attachment-large size-large wp-image-356\" alt=\"\" srcset=\"https:\/\/www.tepme.sk\/wp-content\/uploads\/2024\/01\/Rozcesavac-kobercov-SEBO-Duo.png 1000w, https:\/\/www.tepme.sk\/wp-content\/uploads\/2024\/01\/Rozcesavac-kobercov-SEBO-Duo-300x210.png 300w, https:\/\/www.tepme.sk\/wp-content\/uploads\/2024\/01\/Rozcesavac-kobercov-SEBO-Duo-768x538.png 768w\" sizes=\"(max-width: 800px) 100vw, 800px\" \/>\t\t\t\t\t\t\t\t\t\t\t\t\t\t\t<\/div>\n\t\t\t\t<\/div>\n\t\t\t\t\t<\/div>\n\t\t\t\t<\/div>\n\t\t\t\t<\/div>\n\t\t\t\t\t<\/div>\n\t\t\t\t<\/div>\n\t\t<div class=\"elementor-element elementor-element-0b0e503 e-flex e-con-boxed e-con e-parent\" data-id=\"0b0e503\" data-element_type=\"container\" data-e-type=\"container\">\n\t\t\t\t\t<div class=\"e-con-inner\">\n\t\t<div class=\"elementor-element elementor-element-c324d0b e-flex e-con-boxed e-con e-child\" data-id=\"c324d0b\" data-element_type=\"container\" data-e-type=\"container\" data-settings=\"{&quot;background_background&quot;:&quot;classic&quot;}\">\n\t\t\t\t\t<div class=\"e-con-inner\">\n\t\t\t\t<div class=\"elementor-element elementor-element-f651867 elementor-widget elementor-widget-heading\" data-id=\"f651867\" data-element_type=\"widget\" data-e-type=\"widget\" data-widget_type=\"heading.default\">\n\t\t\t\t<div class=\"elementor-widget-container\">\n\t\t\t\t\t<h3 class=\"elementor-heading-title elementor-size-default\">Ekologick\u00e9 \u010distiace prostriedky<\/h3>\t\t\t\t<\/div>\n\t\t\t\t<\/div>\n\t\t\t\t<div class=\"elementor-element elementor-element-141bc04 elementor-widget elementor-widget-text-editor\" data-id=\"141bc04\" data-element_type=\"widget\" data-e-type=\"widget\" data-widget_type=\"text-editor.default\">\n\t\t\t\t<div class=\"elementor-widget-container\">\n\t\t\t\t\t\t\t\t\t<p><span style=\"font-weight: 400;\">Pou\u017e\u00edvame ekologicky \u0161etrn\u00e9 \u010distiace prostriedky ktor\u00e9 neobsahuj\u00fa bielidla ktor\u00e9 by mohli pri \u010disten\u00ed po\u0161kodi\u0165\u00a0v\u00e1\u0161\u00a0\u010dal\u00fanen\u00fd n\u00e1bytok, seda\u010dky alebo\u00a0koberce.\u00a0<\/span><\/p><p><span style=\"font-weight: 400;\">Pracujeme s technol\u00f3giou prostriedkov, ktor\u00e1 prech\u00e1dza r\u00fdchlo do h\u013abky \u0161piny a mastnoty. Potom zaschne na tvrd\u00fd nelepiv\u00fd kry\u0161t\u00e1l, ktor\u00fd sa d\u00e1 \u013eahko vysa\u0165 a umo\u017e\u0148uje dlh\u0161ie trvaj\u00faci a lep\u0161\u00ed vzh\u013ead medzi jednotliv\u00fdmi cyklami \u010distenia.<\/span><\/p><p><span style=\"font-weight: 400;\">Pomocou t\u00fdchto prostriedkov vieme bojova\u0165 proti najv\u00e4\u010d\u0161\u00edm ne\u010distot\u00e1m a\u00a0prinavr\u00e1ti\u0165 p\u00f4vodn\u00fd stav V\u00e1\u0161mu n\u00e1bytku.<\/span><\/p><p><span style=\"font-weight: 400;\">Pracujeme aj s\u00a0pr\u00edrodn\u00fdmi vl\u00e1knami s\u00a0pou\u017eit\u00edm prostriedkov ktor\u00e9:<\/span><\/p><ul><li><span style=\"font-weight: 400;\">Neobsahuj\u00fa \u017eiadny detergent a \u0161amp\u00f3n.<\/span><\/li><li><span style=\"font-weight: 400;\">Neobsahuj\u00fa \u017eiadne enz\u00fdmy, oxida\u010dn\u00e9 alebo reduk\u010dn\u00e9 \u010dinidl\u00e1.<\/span><\/li><li><span style=\"font-weight: 400;\">Neobsahuj\u00fa bieliace prostriedky ani optick\u00e9 zjas\u0148ova\u010de.<\/span><\/li><\/ul><p>\u00a0<\/p><p>Ako aj jeden z\u00a0na\u0161ich prostriedkov FINELINE \u2013 svoj\u00edm zlo\u017een\u00edm predbehol dobu. Je to vysoko v\u00fdkonn\u00fd a bezpe\u010dn\u00fd v\u00fdrobok, ktor\u00fd poskytuje bezkonkuren\u010dn\u00e9 v\u00fdsledky \u010distenia so v\u0161etk\u00fdmi syst\u00e9mami \u010distenia kobercov a\u00a0\u010dal\u00fanen\u00ed.<\/p><p><span style=\"font-weight: 400;\">Pou\u017e\u00edvame aj in\u00e9 \u0160peci\u00e1lne produkty svetov\u00fdch l\u00eddrov v odvetv\u00ed \u010distenia ako CHEMSPEC, Pioneer Eclipse alebo AmtechUK.<\/span><\/p>\t\t\t\t\t\t\t\t<\/div>\n\t\t\t\t<\/div>\n\t\t\t\t\t<\/div>\n\t\t\t\t<\/div>\n\t\t\t\t\t<\/div>\n\t\t\t\t<\/div>\n\t\t<div class=\"elementor-element elementor-element-640bf83 e-flex e-con-boxed e-con e-child\" data-id=\"640bf83\" data-element_type=\"container\" data-e-type=\"container\">\n\t\t\t\t\t<div class=\"e-con-inner\">\n\t\t<div class=\"elementor-element elementor-element-d1d1446 e-flex e-con-boxed e-con e-child\" data-id=\"d1d1446\" data-element_type=\"container\" data-e-type=\"container\">\n\t\t\t\t\t<div class=\"e-con-inner\">\n\t\t\t\t<div class=\"elementor-element elementor-element-cac93ef elementor-widget elementor-widget-heading\" data-id=\"cac93ef\" data-element_type=\"widget\" data-e-type=\"widget\" data-widget_type=\"heading.default\">\n\t\t\t\t<div class=\"elementor-widget-container\">\n\t\t\t\t\t<h3 class=\"elementor-heading-title elementor-size-default\">A toto s\u00fa na\u0161e v\u00fdsledky...<\/h3>\t\t\t\t<\/div>\n\t\t\t\t<\/div>\n\t\t\t\t<div class=\"elementor-element elementor-element-7f0f5ac animated-fast elementor-widget-divider--view-line elementor-invisible elementor-widget elementor-widget-divider\" data-id=\"7f0f5ac\" data-element_type=\"widget\" data-e-type=\"widget\" data-settings=\"{&quot;_animation&quot;:&quot;bounceInLeft&quot;}\" data-widget_type=\"divider.default\">\n\t\t\t\t<div class=\"elementor-widget-container\">\n\t\t\t\t\t\t\t<div class=\"elementor-divider\">\n\t\t\t<span class=\"elementor-divider-separator\">\n\t\t\t\t\t\t<\/span>\n\t\t<\/div>\n\t\t\t\t\t\t<\/div>\n\t\t\t\t<\/div>\n\t\t\t\t\t<\/div>\n\t\t\t\t<\/div>\n\t\t<div class=\"elementor-element elementor-element-ede292b e-con-full e-flex e-con e-child\" data-id=\"ede292b\" data-element_type=\"container\" data-e-type=\"container\">\n\t\t\t\t<div class=\"elementor-element elementor-element-52e65f8 elementor-align-center elementor-mobile-align-left elementor-widget elementor-widget-button\" data-id=\"52e65f8\" data-element_type=\"widget\" data-e-type=\"widget\" data-widget_type=\"button.default\">\n\t\t\t\t<div class=\"elementor-widget-container\">\n\t\t\t\t\t\t\t\t\t<div class=\"elementor-button-wrapper\">\n\t\t\t\t\t<a class=\"elementor-button elementor-button-link elementor-size-sm elementor-animation-shrink\" href=\"https:\/\/www.tepme.sk\/hu\/munkank-eredmenyei\/\">\n\t\t\t\t\t\t<span class=\"elementor-button-content-wrapper\">\n\t\t\t\t\t\t<span class=\"elementor-button-icon\">\n\t\t\t\t<svg aria-hidden=\"true\" class=\"e-font-icon-svg e-fas-angle-right\" viewbox=\"0 0 256 512\" xmlns=\"http:\/\/www.w3.org\/2000\/svg\"><path d=\"M224.3 273l-136 136c-9.4 9.4-24.6 9.4-33.9 0l-22.6-22.6c-9.4-9.4-9.4-24.6 0-33.9l96.4-96.4-96.4-96.4c-9.4-9.4-9.4-24.6 0-33.9L54.3 103c9.4-9.4 24.6-9.4 33.9 0l136 136c9.5 9.4 9.5 24.6.1 34z\"><\/path><\/svg>\t\t\t<\/span>\n\t\t\t\t\t\t\t\t\t<span class=\"elementor-button-text\">Zobrazi\u0165 portf\u00f3lio<\/span>\n\t\t\t\t\t<\/span>\n\t\t\t\t\t<\/a>\n\t\t\t\t<\/div>\n\t\t\t\t\t\t\t\t<\/div>\n\t\t\t\t<\/div>\n\t\t\t\t<\/div>\n\t\t\t\t\t<\/div>\n\t\t\t\t<\/div>\n\t\t\t\t<\/div>","protected":false},"excerpt":{"rendered":"<p>Technika, s ktorou pracujeme Pou\u017e\u00edvame viacero \u010distiacich techn\u00edk, prostriedkov a\u00a0strojov. Prin\u00e1\u0161ame v\u00fdber na\u0161ich pomocn\u00edkov, bez ktor\u00fdch by sme sa pri tepovan\u00ed nezaobi\u0161li. Santoemma Sabrina maxi Hlavica dok\u00e1\u017ee rovnomerne nastrieka\u0165 prostriedok a \u0161peci\u00e1lny\u00a0profil ods\u00e1vacej\u00a0hlavy skracuje \u010das schnutia. Syst\u00e9m s vysok\u00fdm sac\u00edm v\u00fdkonom tzv. high-waterlift 300\u00a0 mbar v\u010faka tomu umo\u017e\u0148uje\u00a0 Santoemma Sabrina odstr\u00e1ni\u0165 maxim\u00e1lne mno\u017estvo ne\u010dist\u00f4t a [&hellip;]<\/p>","protected":false},"author":1,"featured_media":0,"parent":0,"menu_order":0,"comment_status":"closed","ping_status":"closed","template":"","meta":{"footnotes":""},"class_list":["post-332","page","type-page","status-publish","hentry"],"yoast_head":"<!-- This site is optimized with the Yoast SEO Premium plugin v21.7 (Yoast SEO v27.3) - https:\/\/yoast.com\/product\/yoast-seo-premium-wordpress\/ -->\n<title>Na\u0161a technika &#8211; TEPME: Tepovacie slu\u017eby<\/title>\n<meta name=\"robots\" content=\"index, follow, max-snippet:-1, max-image-preview:large, max-video-preview:-1\" \/>\n<link rel=\"canonical\" href=\"https:\/\/www.tepme.sk\/hu\/a-mi-technikank\/\" \/>\n<meta property=\"og:locale\" content=\"hu_HU\" \/>\n<meta property=\"og:type\" content=\"article\" \/>\n<meta property=\"og:title\" content=\"Na\u0161a technika\" \/>\n<meta property=\"og:description\" content=\"Technika, s ktorou pracujeme Pou\u017e\u00edvame viacero \u010distiacich techn\u00edk, prostriedkov a\u00a0strojov. Prin\u00e1\u0161ame v\u00fdber na\u0161ich pomocn\u00edkov, bez ktor\u00fdch by sme sa pri tepovan\u00ed nezaobi\u0161li. Santoemma Sabrina maxi Hlavica dok\u00e1\u017ee rovnomerne nastrieka\u0165 prostriedok a \u0161peci\u00e1lny\u00a0profil ods\u00e1vacej\u00a0hlavy skracuje \u010das schnutia. Syst\u00e9m s vysok\u00fdm sac\u00edm v\u00fdkonom tzv. high-waterlift 300\u00a0 mbar v\u010faka tomu umo\u017e\u0148uje\u00a0 Santoemma Sabrina odstr\u00e1ni\u0165 maxim\u00e1lne mno\u017estvo ne\u010dist\u00f4t a [&hellip;]\" \/>\n<meta property=\"og:url\" content=\"https:\/\/www.tepme.sk\/hu\/a-mi-technikank\/\" \/>\n<meta property=\"og:site_name\" content=\"TEPME\" \/>\n<meta property=\"article:modified_time\" content=\"2024-02-12T20:02:17+00:00\" \/>\n<meta property=\"og:image\" content=\"https:\/\/www.tepme.sk\/wp-content\/uploads\/2024\/01\/Santoemma-Sabrina-maxi-1024x1024.png\" \/>\n<meta name=\"twitter:card\" content=\"summary_large_image\" \/>\n<meta name=\"twitter:label1\" content=\"Becs\u00fclt olvas\u00e1si id\u0151\" \/>\n\t<meta name=\"twitter:data1\" content=\"2 perc\" \/>\n<script type=\"application\/ld+json\" class=\"yoast-schema-graph\">{\"@context\":\"https:\\\/\\\/schema.org\",\"@graph\":[{\"@type\":\"WebPage\",\"@id\":\"https:\\\/\\\/www.tepme.sk\\\/nasa-technika\\\/\",\"url\":\"https:\\\/\\\/www.tepme.sk\\\/nasa-technika\\\/\",\"name\":\"Na\u0161a technika &#8211; TEPME: Tepovacie slu\u017eby\",\"isPartOf\":{\"@id\":\"https:\\\/\\\/www.tepme.sk\\\/#website\"},\"primaryImageOfPage\":{\"@id\":\"https:\\\/\\\/www.tepme.sk\\\/nasa-technika\\\/#primaryimage\"},\"image\":{\"@id\":\"https:\\\/\\\/www.tepme.sk\\\/nasa-technika\\\/#primaryimage\"},\"thumbnailUrl\":\"https:\\\/\\\/www.tepme.sk\\\/wp-content\\\/uploads\\\/2024\\\/01\\\/Santoemma-Sabrina-maxi-1024x1024.png\",\"datePublished\":\"2024-01-27T17:16:55+00:00\",\"dateModified\":\"2024-02-12T20:02:17+00:00\",\"breadcrumb\":{\"@id\":\"https:\\\/\\\/www.tepme.sk\\\/nasa-technika\\\/#breadcrumb\"},\"inLanguage\":\"hu\",\"potentialAction\":[{\"@type\":\"ReadAction\",\"target\":[\"https:\\\/\\\/www.tepme.sk\\\/nasa-technika\\\/\"]}]},{\"@type\":\"ImageObject\",\"inLanguage\":\"hu\",\"@id\":\"https:\\\/\\\/www.tepme.sk\\\/nasa-technika\\\/#primaryimage\",\"url\":\"https:\\\/\\\/www.tepme.sk\\\/wp-content\\\/uploads\\\/2024\\\/01\\\/Santoemma-Sabrina-maxi-1024x1024.png\",\"contentUrl\":\"https:\\\/\\\/www.tepme.sk\\\/wp-content\\\/uploads\\\/2024\\\/01\\\/Santoemma-Sabrina-maxi-1024x1024.png\"},{\"@type\":\"BreadcrumbList\",\"@id\":\"https:\\\/\\\/www.tepme.sk\\\/nasa-technika\\\/#breadcrumb\",\"itemListElement\":[{\"@type\":\"ListItem\",\"position\":1,\"name\":\"Home\",\"item\":\"https:\\\/\\\/www.tepme.sk\\\/\"},{\"@type\":\"ListItem\",\"position\":2,\"name\":\"Na\u0161a technika\"}]},{\"@type\":\"WebSite\",\"@id\":\"https:\\\/\\\/www.tepme.sk\\\/#website\",\"url\":\"https:\\\/\\\/www.tepme.sk\\\/\",\"name\":\"TEPME\",\"description\":\"Tepovacie slu\u017eby\",\"publisher\":{\"@id\":\"https:\\\/\\\/www.tepme.sk\\\/#organization\"},\"potentialAction\":[{\"@type\":\"SearchAction\",\"target\":{\"@type\":\"EntryPoint\",\"urlTemplate\":\"https:\\\/\\\/www.tepme.sk\\\/?s={search_term_string}\"},\"query-input\":{\"@type\":\"PropertyValueSpecification\",\"valueRequired\":true,\"valueName\":\"search_term_string\"}}],\"inLanguage\":\"hu\"},{\"@type\":\"Organization\",\"@id\":\"https:\\\/\\\/www.tepme.sk\\\/#organization\",\"name\":\"TEPME\",\"url\":\"https:\\\/\\\/www.tepme.sk\\\/\",\"logo\":{\"@type\":\"ImageObject\",\"inLanguage\":\"hu\",\"@id\":\"https:\\\/\\\/www.tepme.sk\\\/#\\\/schema\\\/logo\\\/image\\\/\",\"url\":\"https:\\\/\\\/www.tepme.sk\\\/wp-content\\\/uploads\\\/2024\\\/01\\\/Tepme.png\",\"contentUrl\":\"https:\\\/\\\/www.tepme.sk\\\/wp-content\\\/uploads\\\/2024\\\/01\\\/Tepme.png\",\"width\":408,\"height\":282,\"caption\":\"TEPME\"},\"image\":{\"@id\":\"https:\\\/\\\/www.tepme.sk\\\/#\\\/schema\\\/logo\\\/image\\\/\"}}]}<\/script>\n<!-- \/ Yoast SEO Premium plugin. -->","yoast_head_json":{"title":"Na\u0161a technika &#8211; TEPME: Tepovacie slu\u017eby","robots":{"index":"index","follow":"follow","max-snippet":"max-snippet:-1","max-image-preview":"max-image-preview:large","max-video-preview":"max-video-preview:-1"},"canonical":"https:\/\/www.tepme.sk\/hu\/a-mi-technikank\/","og_locale":"hu_HU","og_type":"article","og_title":"Na\u0161a technika","og_description":"Technika, s ktorou pracujeme Pou\u017e\u00edvame viacero \u010distiacich techn\u00edk, prostriedkov a\u00a0strojov. Prin\u00e1\u0161ame v\u00fdber na\u0161ich pomocn\u00edkov, bez ktor\u00fdch by sme sa pri tepovan\u00ed nezaobi\u0161li. Santoemma Sabrina maxi Hlavica dok\u00e1\u017ee rovnomerne nastrieka\u0165 prostriedok a \u0161peci\u00e1lny\u00a0profil ods\u00e1vacej\u00a0hlavy skracuje \u010das schnutia. Syst\u00e9m s vysok\u00fdm sac\u00edm v\u00fdkonom tzv. high-waterlift 300\u00a0 mbar v\u010faka tomu umo\u017e\u0148uje\u00a0 Santoemma Sabrina odstr\u00e1ni\u0165 maxim\u00e1lne mno\u017estvo ne\u010dist\u00f4t a [&hellip;]","og_url":"https:\/\/www.tepme.sk\/hu\/a-mi-technikank\/","og_site_name":"TEPME","article_modified_time":"2024-02-12T20:02:17+00:00","og_image":[{"url":"https:\/\/www.tepme.sk\/wp-content\/uploads\/2024\/01\/Santoemma-Sabrina-maxi-1024x1024.png","type":"","width":"","height":""}],"twitter_card":"summary_large_image","twitter_misc":{"Becs\u00fclt olvas\u00e1si id\u0151":"2 perc"},"schema":{"@context":"https:\/\/schema.org","@graph":[{"@type":"WebPage","@id":"https:\/\/www.tepme.sk\/nasa-technika\/","url":"https:\/\/www.tepme.sk\/nasa-technika\/","name":"Na\u0161a technika &#8211; TEPME: Tepovacie slu\u017eby","isPartOf":{"@id":"https:\/\/www.tepme.sk\/#website"},"primaryImageOfPage":{"@id":"https:\/\/www.tepme.sk\/nasa-technika\/#primaryimage"},"image":{"@id":"https:\/\/www.tepme.sk\/nasa-technika\/#primaryimage"},"thumbnailUrl":"https:\/\/www.tepme.sk\/wp-content\/uploads\/2024\/01\/Santoemma-Sabrina-maxi-1024x1024.png","datePublished":"2024-01-27T17:16:55+00:00","dateModified":"2024-02-12T20:02:17+00:00","breadcrumb":{"@id":"https:\/\/www.tepme.sk\/nasa-technika\/#breadcrumb"},"inLanguage":"hu","potentialAction":[{"@type":"ReadAction","target":["https:\/\/www.tepme.sk\/nasa-technika\/"]}]},{"@type":"ImageObject","inLanguage":"hu","@id":"https:\/\/www.tepme.sk\/nasa-technika\/#primaryimage","url":"https:\/\/www.tepme.sk\/wp-content\/uploads\/2024\/01\/Santoemma-Sabrina-maxi-1024x1024.png","contentUrl":"https:\/\/www.tepme.sk\/wp-content\/uploads\/2024\/01\/Santoemma-Sabrina-maxi-1024x1024.png"},{"@type":"BreadcrumbList","@id":"https:\/\/www.tepme.sk\/nasa-technika\/#breadcrumb","itemListElement":[{"@type":"ListItem","position":1,"name":"Home","item":"https:\/\/www.tepme.sk\/"},{"@type":"ListItem","position":2,"name":"Na\u0161a technika"}]},{"@type":"WebSite","@id":"https:\/\/www.tepme.sk\/#website","url":"https:\/\/www.tepme.sk\/","name":"TEPME","description":"Tepovacie slu\u017eby","publisher":{"@id":"https:\/\/www.tepme.sk\/#organization"},"potentialAction":[{"@type":"SearchAction","target":{"@type":"EntryPoint","urlTemplate":"https:\/\/www.tepme.sk\/?s={search_term_string}"},"query-input":{"@type":"PropertyValueSpecification","valueRequired":true,"valueName":"search_term_string"}}],"inLanguage":"hu"},{"@type":"Organization","@id":"https:\/\/www.tepme.sk\/#organization","name":"TEPME","url":"https:\/\/www.tepme.sk\/","logo":{"@type":"ImageObject","inLanguage":"hu","@id":"https:\/\/www.tepme.sk\/#\/schema\/logo\/image\/","url":"https:\/\/www.tepme.sk\/wp-content\/uploads\/2024\/01\/Tepme.png","contentUrl":"https:\/\/www.tepme.sk\/wp-content\/uploads\/2024\/01\/Tepme.png","width":408,"height":282,"caption":"TEPME"},"image":{"@id":"https:\/\/www.tepme.sk\/#\/schema\/logo\/image\/"}}]}},"_links":{"self":[{"href":"https:\/\/www.tepme.sk\/hu\/wp-json\/wp\/v2\/pages\/332","targetHints":{"allow":["GET"]}}],"collection":[{"href":"https:\/\/www.tepme.sk\/hu\/wp-json\/wp\/v2\/pages"}],"about":[{"href":"https:\/\/www.tepme.sk\/hu\/wp-json\/wp\/v2\/types\/page"}],"author":[{"embeddable":true,"href":"https:\/\/www.tepme.sk\/hu\/wp-json\/wp\/v2\/users\/1"}],"replies":[{"embeddable":true,"href":"https:\/\/www.tepme.sk\/hu\/wp-json\/wp\/v2\/comments?post=332"}],"version-history":[{"count":42,"href":"https:\/\/www.tepme.sk\/hu\/wp-json\/wp\/v2\/pages\/332\/revisions"}],"predecessor-version":[{"id":747,"href":"https:\/\/www.tepme.sk\/hu\/wp-json\/wp\/v2\/pages\/332\/revisions\/747"}],"wp:attachment":[{"href":"https:\/\/www.tepme.sk\/hu\/wp-json\/wp\/v2\/media?parent=332"}],"curies":[{"name":"wp","href":"https:\/\/api.w.org\/{rel}","templated":true}]}}